{"id":1409,"date":"2019-01-03T18:35:05","date_gmt":"2019-01-03T17:35:05","guid":{"rendered":"https:\/\/www.escalusverona.com\/avis\/"},"modified":"2025-10-13T14:19:37","modified_gmt":"2025-10-13T12:19:37","slug":"avis","status":"publish","type":"page","link":"https:\/\/www.escalusverona.com\/fr\/avis\/","title":{"rendered":"Avis"},"content":{"rendered":"<p>[vc_row][vc_column][vc_column_text]<\/p>\n<p style=\"text-align: center;\">Consultez les avis que nos clients ont publi\u00e9s sur les plus importants portails d\u2019opinions en ligne ! Nous vous rappelons que seulement en r\u00e9servant directement depuis notre site officiel vous deviendrez un voyageur privil\u00e9gi\u00e9 : vous serez suivi personnellement par notre \u00e9quipe du d\u00e9but \u00e0 la fin et vous pourrez b\u00e9n\u00e9ficier de tarifs sp\u00e9ciaux, offres et promotions qui vous seront exclusivement r\u00e9serv\u00e9s ! De plus, si vous r\u00e9servez sur notre site officiel, il vous sera demand\u00e9 d\u2019\u00e9crire un \u00ab avis officiel \u00bb, garanti car li\u00e9 \u00e0 une r\u00e9servation effective. De cette fa\u00e7on, vous pourrez contribuer \u00e0 am\u00e9liorer la qualit\u00e9 du service que nous offrons, \u00e0 vous et \u00e0 tous les voyageurs!<\/p>\n<p>[\/vc_column_text][\/vc_column][\/vc_row][vc_row][vc_column][vc_empty_space height=\u00a0\u00bb20px\u00a0\u00bb][\/vc_column][\/vc_row][vc_row][vc_column width=\u00a0\u00bb1\/3&Prime;][\/vc_column][vc_column width=\u00a0\u00bb1\/3&Prime;][vc_raw_html]JTNDZGl2JTIwaWQlM0QlMjd3aWRnZXRDb250YWluZXJCb3glMjclMjBkYXRhLWlzYWRkbm9mb2xsb3clM0QlMjdmYWxzZSUyNyUzRSUzQyUyRmRpdiUzRSUwQSUwQSUzQ3NjcmlwdCUyMHNyYyUzRCUyN2h0dHBzJTNBJTJGJTJGYXBwcy5leHBlZGlhcGFydG5lcmNlbnRyYWwuY29tJTJGbG9kZ2luZyUyRmNvbnRlbnQlMkZhd2FyZCUyRnN0YXRpYyUyRmpzJTJGcmV2aWV3Q291bnQlMkYzMzAwMzMxJTJGRXhwZWRpYS1MaWdodC1TcXVhcmUtaXRfSVQuanMlM0Z3aWRnZXROYW1lJTNEV2lkZ2V0JTIwcmVjZW5zaW9uaSUyMHZlcmlmaWNhdGUlMjZob3RlbE5hbWUlM0RFc2NhbHVzJTIwTHV4dXJ5JTIwU3VpdGVzJTIwVmVyb25hJTI2bm9Gb2xsb3clM0RmYWxzZSUyNyUzRSUzQyUyRnNjcmlwdCUzRSUwQSUwQSUzQ3NjcmlwdCUyMHNyYyUzRCUyN2h0dHBzJTNBJTJGJTJGYXBwcy5leHBlZGlhcGFydG5lcmNlbnRyYWwuY29tJTJGbG9kZ2luZyUyRmNvbnRlbnQlMkZhd2FyZCUyRnN0YXRpYyUyRmpzJTJGcmF0aW5nJTJGMzMwMDMzMSUyRlRyYXZlbG9jaXR5LUxpZ2h0LVNxdWFyZS1lbl9VUy5qcyUzRndpZGdldE5hbWUlM0RXaWRnZXQlMjB2YWx1dGF6aW9uZSUyMHN0cnV0dHVyYSUyNmhvdGVsTmFtZSUzREVzY2FsdXMlMjBMdXh1cnklMjBTdWl0ZXMlMjBWZXJvbmElMjZub0ZvbGxvdyUzRGZhbHNlJTI3JTNFJTNDJTJGc2NyaXB0JTNF[\/vc_raw_html][\/vc_column][vc_column width=\u00a0\u00bb1\/3&Prime;][\/vc_column][\/vc_row]<\/p>\n","protected":false},"excerpt":{"rendered":"<p>[vc_row][vc_column][vc_column_text] Consultez les avis que nos clients ont publi\u00e9s sur les plus importants portails d\u2019opinions en ligne ! Nous vous rappelons que seulement en r\u00e9servant directement depuis notre site officiel vous deviendrez un voyageur privil\u00e9gi\u00e9 : vous serez suivi personnellement par notre \u00e9quipe du d\u00e9but \u00e0 la fin et vous pourrez b\u00e9n\u00e9ficier de tarifs sp\u00e9ciaux, offres et promotions qui vous seront exclusivement r\u00e9serv\u00e9s ! De&#8230;<\/p>\n<p><a class=\"more-link\" href=\"https:\/\/www.escalusverona.com\/fr\/avis\/\">Read More<\/a><\/p>\n","protected":false},"author":1,"featured_media":0,"parent":0,"menu_order":0,"comment_status":"closed","ping_status":"closed","template":"","meta":[],"_links":{"self":[{"href":"https:\/\/www.escalusverona.com\/fr\/wp-json\/wp\/v2\/pages\/1409"}],"collection":[{"href":"https:\/\/www.escalusverona.com\/fr\/wp-json\/wp\/v2\/pages"}],"about":[{"href":"https:\/\/www.escalusverona.com\/fr\/wp-json\/wp\/v2\/types\/page"}],"author":[{"embeddable":true,"href":"https:\/\/www.escalusverona.com\/fr\/wp-json\/wp\/v2\/users\/1"}],"replies":[{"embeddable":true,"href":"https:\/\/www.escalusverona.com\/fr\/wp-json\/wp\/v2\/comments?post=1409"}],"version-history":[{"count":9,"href":"https:\/\/www.escalusverona.com\/fr\/wp-json\/wp\/v2\/pages\/1409\/revisions"}],"predecessor-version":[{"id":1787,"href":"https:\/\/www.escalusverona.com\/fr\/wp-json\/wp\/v2\/pages\/1409\/revisions\/1787"}],"wp:attachment":[{"href":"https:\/\/www.escalusverona.com\/fr\/wp-json\/wp\/v2\/media?parent=1409"}],"curies":[{"name":"wp","href":"https:\/\/api.w.org\/{rel}","templated":true}]}}