{"id":1239,"date":"2018-11-12T15:33:14","date_gmt":"2018-11-12T14:33:14","guid":{"rendered":"https:\/\/www.escalusverona.com\/emplacement\/"},"modified":"2019-05-03T12:38:22","modified_gmt":"2019-05-03T10:38:22","slug":"emplacement","status":"publish","type":"page","link":"https:\/\/www.escalusverona.com\/fr\/emplacement\/","title":{"rendered":"Emplacement"},"content":{"rendered":"<div class=\"wpgmp_map_container wpgmp-map-provider-google wpgmp-map-1\" rel=\"map1\" data-plugin-version=\"4.8.6\"><div class=\"wpgmp_map_parent\"><div class=\"wpgmp_map \" style=\"width:100%; height:700px;\" id=\"map1\" data-map-id=\"1\"><\/div><\/div><\/div><script>jQuery(document).ready(function($){ window.wpgmp = window.wpgmp || {}; window.wpgmp.mapdata1 = \"eyJhdXRvc29ydCI6dHJ1ZSwibWFwX29wdGlvbnMiOnsiY2VudGVyX2xhdCI6IjQ1LjQ0MDM0NSIsImNlbnRlcl9sbmciOiIxMC45OTQ3MjkiLCJ6b29tIjoxNSwibWFwX3R5cGVfaWQiOiJST0FETUFQIiwiY2VudGVyX2J5X25lYXJlc3QiOmZhbHNlLCJmaXRfYm91bmRzIjpmYWxzZSwic2hvd19jZW50ZXJfY2lyY2xlIjpmYWxzZSwic2hvd19jZW50ZXJfbWFya2VyIjpmYWxzZSwiZHJhZ2dhYmxlIjp0cnVlLCJzY3JvbGxfd2hlZWwiOiJmYWxzZSIsImluZm93aW5kb3dfc2tpbiI6eyJuYW1lIjoiZGVmYXVsdCIsInR5cGUiOiJpbmZvd2luZG93In0sImluZm93aW5kb3dfZHJvcF9hbmltYXRpb24iOmZhbHNlLCJjbG9zZV9pbmZvd2luZG93X29uX21hcF9jbGljayI6ZmFsc2UsImRlZmF1bHRfaW5mb3dpbmRvd19vcGVuIjpmYWxzZSwiaW5mb3dpbmRvd19vcGVuX2V2ZW50IjoiY2xpY2siLCJsaXN0aW5nX2luZm93aW5kb3dfb3Blbl9ldmVudCI6ImNsaWNrIiwiaXNfbW9iaWxlIjpmYWxzZSwiaW5mb3dpbmRvd19maWx0ZXJfb25seSI6ZmFsc2UsImluZm93aW5kb3dfY2xpY2tfY2hhbmdlX2NlbnRlciI6ZmFsc2UsImZ1bGxfc2NyZWVuX2NvbnRyb2wiOnRydWUsImNhbWVyYV9jb250cm9sIjpmYWxzZSwic2VhcmNoX2NvbnRyb2wiOnRydWUsInpvb21fY29udHJvbCI6dHJ1ZSwibWFwX3R5cGVfY29udHJvbCI6dHJ1ZSwic3RyZWV0X3ZpZXdfY29udHJvbCI6dHJ1ZSwibG9jYXRlbWVfY29udHJvbCI6ZmFsc2UsIm1vYmlsZV9zcGVjaWZpYyI6ZmFsc2UsInpvb21fbW9iaWxlIjo1LCJkcmFnZ2FibGVfbW9iaWxlIjp0cnVlLCJzY3JvbGxfd2hlZWxfbW9iaWxlIjp0cnVlLCJ6b29tX2NvbnRyb2xfcG9zaXRpb24iOiJUT1BfTEVGVCIsIm1hcF90eXBlX2NvbnRyb2xfcG9zaXRpb24iOiJUT1BfUklHSFQiLCJtYXBfdHlwZV9jb250cm9sX3N0eWxlIjoiSE9SSVpPTlRBTF9CQVIiLCJzdHJlZXRfdmlld19jb250cm9sX3Bvc2l0aW9uIjoiVE9QX0xFRlQiLCJtYXBfaW5mb3dpbmRvd19jdXN0b21pc2F0aW9ucyI6ZmFsc2UsImluZm93aW5kb3dfd2lkdGgiOiIxMDAlIiwic2hvd19pbmZvd2luZG93X2hlYWRlciI6ZmFsc2UsInpvb21fbGV2ZWxfYWZ0ZXJfc2VhcmNoIjoxMCwiZG91YmxlY2xpY2t6b29tIjpmYWxzZSwiY3VycmVudF9wb3N0X29ubHkiOmZhbHNlLCJhZHZhbmNlX3RlbXBsYXRlIjpmYWxzZSwibWFwX3RpbGVfdXJsIjoiaHR0cHM6XC9cL3tzfS50aWxlLm9wZW5zdHJlZXRtYXAub3JnXC97en1cL3t4fVwve3l9LnBuZyIsIm9wZW5zdHJlZXRfc3R5bGVzIjp7Ik9wZW5TdHJlZXRNYXAuTWFwbmlrIjoiaHR0cHM6XC9cL3tzfS50aWxlLm9wZW5zdHJlZXRtYXAub3JnXC97en1cL3t4fVwve3l9LnBuZyIsIk9wZW5TdHJlZXRNYXAuREUiOiJodHRwczpcL1wve3N9LnRpbGUub3BlbnN0cmVldG1hcC5kZVwvdGlsZXNcL29zbWRlXC97en1cL3t4fVwve3l9LnBuZyIsIk9wZW5TdHJlZXRNYXAuQ0giOiJodHRwczpcL1wvdGlsZS5vc20uY2hcL3N3aXR6ZXJsYW5kXC97en1cL3t4fVwve3l9LnBuZyIsIk9wZW5TdHJlZXRNYXAuRnJhbmNlIjoiaHR0cHM6XC9cL3tzfS50aWxlLm9wZW5zdHJlZXRtYXAuZnJcL29zbWZyXC97en1cL3t4fVwve3l9LnBuZyIsIk9wZW5TdHJlZXRNYXAuSE9UIjoiaHR0cHM6XC9cL3tzfS50aWxlLm9wZW5zdHJlZXRtYXAuZnJcL2hvdFwve3p9XC97eH1cL3t5fS5wbmciLCJPcGVuU3RyZWV0TWFwLkJaSCI6Imh0dHBzOlwvXC90aWxlLm9wZW5zdHJlZXRtYXAuYnpoXC9iclwve3p9XC97eH1cL3t5fS5wbmciLCJPcGVuVG9wb01hcCI6Imh0dHBzOlwvXC97c30udGlsZS5vcGVudG9wb21hcC5vcmdcL3t6fVwve3h9XC97eX0ucG5nIiwiVGh1bmRlcmZvcmVzdC5PcGVuQ3ljbGVNYXAiOiJodHRwczpcL1wvZGV2LntzfS50aWxlLm9wZW5zdHJlZXRtYXAuZnJcL2N5Y2xvc21cL3t6fVwve3h9XC97eX0ucG5nIiwiT3Blbk1hcFN1cmZlci5Sb2FkcyI6Imh0dHBzOlwvXC9tYXBzLmhlaWdpdC5vcmdcL29wZW5tYXBzdXJmZXJcL3RpbGVzXC9yb2Fkc1wvd2VibWVyY2F0b3JcL3t6fVwve3h9XC97eX0ucG5nIn0sIm9wZW5zdHJlZXRfc3R5bGVzX21hcmt1cCI6IjxzZWxlY3QgY2xhc3M9XCJ3cG9tcF9tYXBfdHlwZVwiPjxvcHRpb24gdmFsdWU9XCJPcGVuU3RyZWV0TWFwLk1hcG5pa1wiPk9wZW5TdHJlZXRNYXAuTWFwbmlrPFwvb3B0aW9uPjxvcHRpb24gdmFsdWU9XCJPcGVuU3RyZWV0TWFwLkRFXCI+T3BlblN0cmVldE1hcC5ERTxcL29wdGlvbj48b3B0aW9uIHZhbHVlPVwiT3BlblN0cmVldE1hcC5DSFwiPk9wZW5TdHJlZXRNYXAuQ0g8XC9vcHRpb24+PG9wdGlvbiB2YWx1ZT1cIk9wZW5TdHJlZXRNYXAuRnJhbmNlXCI+T3BlblN0cmVldE1hcC5GcmFuY2U8XC9vcHRpb24+PG9wdGlvbiB2YWx1ZT1cIk9wZW5TdHJlZXRNYXAuSE9UXCI+T3BlblN0cmVldE1hcC5IT1Q8XC9vcHRpb24+PG9wdGlvbiB2YWx1ZT1cIk9wZW5TdHJlZXRNYXAuQlpIXCI+T3BlblN0cmVldE1hcC5CWkg8XC9vcHRpb24+PG9wdGlvbiB2YWx1ZT1cIk9wZW5Ub3BvTWFwXCI+T3BlblRvcG9NYXA8XC9vcHRpb24+PG9wdGlvbiB2YWx1ZT1cIlRodW5kZXJmb3Jlc3QuT3BlbkN5Y2xlTWFwXCI+VGh1bmRlcmZvcmVzdC5PcGVuQ3ljbGVNYXA8XC9vcHRpb24+PG9wdGlvbiB2YWx1ZT1cIk9wZW5NYXBTdXJmZXIuUm9hZHNcIj5PcGVuTWFwU3VyZmVyLlJvYWRzPFwvb3B0aW9uPjxcL3NlbGVjdD4iLCJtYXBfYm94X3N0eWxlc19tYXJrdXAiOiI8c2VsZWN0IGNsYXNzPVwid3BvbXBfbWFwYm94X3R5cGVcIj48b3B0aW9uIHZhbHVlPVwic3RyZWV0cy12MTFcIj5TdHJlZXRzPFwvb3B0aW9uPjxvcHRpb24gdmFsdWU9XCJsaWdodC12MTBcIj5MaWdodDxcL29wdGlvbj48b3B0aW9uIHZhbHVlPVwiZGFyay12MTBcIj5EYXJrPFwvb3B0aW9uPjxvcHRpb24gdmFsdWU9XCJvdXRkb29ycy12MTFcIj5PdXRkb29yczxcL29wdGlvbj48b3B0aW9uIHZhbHVlPVwic2F0ZWxsaXRlLXY5XCI+U2F0ZWxsaXRlPFwvb3B0aW9uPjxcL3NlbGVjdD4iLCJib3VuZF9tYXBfYWZ0ZXJfZmlsdGVyIjpmYWxzZSwiZGlzcGxheV9yZXNldF9idXR0b24iOmZhbHNlLCJtYXBfcmVzZXRfYnV0dG9uX3RleHQiOiJSXHUwMGU5aW5pdGlhbGlzZXIiLCJoZWlnaHQiOiI3MDAiLCJ0aWxlc19wcm92aWRlciI6Im9wZW5zdHJlZXQifSwicGxhY2VzIjpbeyJpZCI6IjEiLCJ0aXRsZSI6IkVzY2FsdXMgTHV4dXJ5IFN1aXRlcyBWZXJvbmEiLCJhZGRyZXNzIjoiIiwic291cmNlIjoibWFudWFsIiwiY29udGVudCI6IiIsImxvY2F0aW9uIjp7Imljb24iOiIiLCJsYXQiOiI0NS40NDAzNDUiLCJsbmciOiIxMC45OTQ3MjkiLCJjaXR5IjoiVmVuaWNlIiwic3RhdGUiOiJWZW5ldG8iLCJjb3VudHJ5IjoiSXRhbHkiLCJvbmNsaWNrX2FjdGlvbiI6Im1hcmtlciIsInJlZGlyZWN0X2N1c3RvbV9saW5rIjoiIiwibWFya2VyX2ltYWdlIjoiPGRpdiBjbGFzcz0nZmMtZmVhdHVyZS1pbWcnPjxpbWcgbG9hZGluZz0nbGF6eScgZGVjb2Rpbmc9J2FzeW5jJyBhbHQ9J0VzY2FsdXMgTHV4dXJ5IFN1aXRlcyBWZXJvbmEnIHNyYz0naHR0cHM6XC9cL3d3dy5lc2NhbHVzdmVyb25hLmNvbVwvd3AtY29udGVudFwvcGx1Z2luc1wvd3AtZ29vZ2xlLW1hcC1wbHVnaW5cL2Fzc2V0c1wvaW1hZ2VzXC9zYW1wbGUuanBnJyBjbGFzcz0nd3BnbXBfbWFya2VyX2ltYWdlIGZjLWl0ZW0tZmVhdHVyZWRfaW1hZ2UgZmMtaXRlbS1sYXJnZScgXC8+PFwvZGl2PiIsIm9wZW5fbmV3X3RhYiI6InllcyIsInBvc3RhbF9jb2RlIjoiMzAxMjIiLCJkcmFnZ2FibGUiOiIiLCJpbmZvd2luZG93X2RlZmF1bHRfb3BlbiI6IiIsImFuaW1hdGlvbiI6IkJPVU5DRSIsImluZm93aW5kb3dfZGlzYWJsZSI6dHJ1ZSwiem9vbSI6NSwiZXh0cmFfZmllbGRzIjp7Imxpc3RvcmRlciI6MH19LCJjYXRlZ29yaWVzIjpbXSwiY3VzdG9tX2ZpbHRlcnMiOltdfV0sIm1hcF9wcm9wZXJ0eSI6eyJtYXBfaWQiOiIxIn0sInNoYXBlcyI6eyJkcmF3aW5nX2VkaXRhYmxlIjpmYWxzZX0sImZpbHRlcnMiOnsiZmlsdGVyc19jb250YWluZXIiOiJbZGF0YS1jb250YWluZXI9XCJ3cGdtcC1maWx0ZXJzLWNvbnRhaW5lclwiXSJ9LCJnbG9iYWxfc2V0dGluZ3MiOmZhbHNlLCJwcm92aWRlciI6Imdvb2dsZSIsImFwaUtleSI6IiJ9\"; });<\/script>\n<h3 style=\"text-align: center;\"><span class=\"titolo\">L&rsquo;Emplacement<\/span><\/h3>\n<p>&nbsp;<\/p>\n<p style=\"text-align: center;\">Escalus Luxury Suites, qui donne sur la c\u00e9l\u00e8bre Rue Mazzini, est situ\u00e9 \u00e0 50 m des Ar\u00e8nes de V\u00e9rone, l\u2019amphith\u00e9\u00e2tre romain qui accueille chaque \u00e9t\u00e9 la prestigieuse Op\u00e9ra lyrique. Gr\u00e2ce \u00e0 son entr\u00e9e en Vicolo Tre Marchetti, les h\u00f4tes peuvent facilement se rendre \u00e0 l\u2019amphith\u00e9\u00e2tre en deux minutes.<\/p>\n<p style=\"text-align: center;\">De plus, le palais historique qui accueille notre h\u00f4tel permet aux h\u00f4tes de vivre leur s\u00e9jour au c\u0153ur des plus importantes rues du shopping, entre Piazza Bra, Via Mazzini et Piazza delle Erbe.<span class=\"Apple-converted-space\">\u00a0 \u00a0<\/span><\/p>\n<p style=\"text-align: center;\">Cette ville, riche en art et en culture, conserve dans son centre historique le Pont Scaligero m\u00e9di\u00e9val et Castelvecchio, l\u2019ancienne r\u00e9sidence des Seigneurs de V\u00e9rone. Apr\u00e8s la restauration men\u00e9e par Carlo Scarpa, le ch\u00e2teau est devenu un formidable mus\u00e9e d\u2019armes et une pinacoth\u00e8que.<\/p>\n<p style=\"text-align: center;\">Escalus Luxury Suites prend son nom du prince Escalus, l\u2019un des personnages de la c\u00e9l\u00e8bre \u0153uvre shakespearienne \u00ab\u00a0Rom\u00e9o et Juliette\u00a0\u00bb qui se d\u00e9roule pr\u00e9cis\u00e9ment \u00e0 V\u00e9rone en 1302. La trag\u00e9die parle du Seigneur de la ville qui s\u2019appelle \u00ab\u00a0Escalo\u00a0\u00bb\u00a0: il est probable que ce pr\u00e9nom renvoie \u00e0 Bartolomeo I Della Scala, le Seigneur de V\u00e9rone \u00e0 cette \u00e9poque.<span class=\"Apple-converted-space\">\u00a0<\/span><\/p>\n<p style=\"text-align: center;\">De Escalus il est facile de rejoindre le Balcon de Juliette, o\u00f9 on peut admirer aussi la statue de l\u2019h\u00e9ro\u00efne.<span class=\"Apple-converted-space\">\u00a0<\/span><\/p>\n<p style=\"text-align: center;\">La beaut\u00e9 de la ville et de ses palais en style Renaissance enchantent tous les voyageurs, s\u00e9duits par le charme de Piazza delle Erbe, par la vivacit\u00e9 du centre et par les spectacles mis en sc\u00e8ne au Teatro Romano.<span class=\"Apple-converted-space\">\u00a0<\/span><\/p>\n<p style=\"text-align: center;\">Finalement, V\u00e9rone est aussi un important p\u00f4le \u00e9conomique et industriel et le si\u00e8ge de nombreuses entreprises agroalimentaires, vinicoles et de chaussures. Le salon de V\u00e9rone attire chaque ann\u00e9e presque 1 million de visiteurs gr\u00e2ce \u00e0 ses nombreuses expositions d\u2019importance internationale telles que Fieragricola, Vinitaly, Marmomacc et Fieracavalli.<\/p>\n<section id=\"main-booking-form\" style=\"margin-top: 50px;\">\n<div id=\"container\">\n<div class=\"search-row\" style=\"box-shadow: inset 0 13px 13px -10px rgba(0,0,0,0.3); padding: 21px 0 11px !important;\">\n<div class=\"container\">\n<div class=\"col-md-12\">\n<h3 style=\"text-align: center;\"><span class=\"titolo\">Comment Nous Rejoindre<\/span><\/h3>\n<p>&nbsp;<\/p>\n<h4><i class=\"fa fa-train\"><\/i>\u00a0\u00a0En Train:<\/h4>\n<p>Une fois que vous \u00eates arriv\u00e9s \u00e0 la gare de Verona Porta Nuova, vous pouvez rejoindre Piazza Bra soit en taxi soit en bus\u00a0; Escalus Luxury Suites n\u2019est qu\u2019\u00e0 50 m des Ar\u00e8nes.<span class=\"Apple-converted-space\">\u00a0<\/span><\/p>\n<h4><i class=\"fa fa-car\"><\/i>\u00a0\u00a0En Voiture:<\/h4>\n<p>Parcourant l\u2019autoroute A4, sortez \u00e0 Verona Sud et continuez jusqu\u2019au centre historique et aux Ar\u00e8nes.<\/p>\n<p>Une fois arriv\u00e9s sur la Piazza Bra, tournez \u00e0 droite dans Via degli Alpini, parcourez 300 m et tournez \u00e0<span class=\"Apple-converted-space\">\u00a0 <\/span>gauche dans Stradone Maffei, continuez sur Stradone San Fermo et prenez la deuxi\u00e8me \u00e0 gauche, Via Malenza. Continuez tout droit sur Via San Cosimo et tournez \u00e0 gauche dans Via Anfiteatro. Arriv\u00e9s aux Ar\u00e8nes, tournez \u00e0 droite et encore \u00e0 droite dans Vicolo Tre Marchetti.<span class=\"Apple-converted-space\">\u00a0<\/span><\/p>\n<p><b>Attention\u00a0!!! <\/b>Vicolo Tre Marchetti se trouve dans une zone de circulation restreinte. Au moment de la r\u00e9servation, il faut communiquer \u00e0 la r\u00e9ception le num\u00e9ro de votre plaque d\u2019immatriculation pour acc\u00e9der \u00e0 cette zone et pour avoir d\u2019ult\u00e9rieures informations sur le parking.<span class=\"Apple-converted-space\">\u00a0<\/span><\/p>\n<h4><i class=\"fa fa-plane\"><\/i>\u00a0\u00a0En Avion:<\/h4>\n<p>L\u2019a\u00e9roport \u00ab\u00a0Valerio Catullo\u00a0\u00bb est \u00e0 12 km du centre historique. Vous pouvez arriver aux Ar\u00e8nes (Piazza Bra) en bus \u2013\u00e0 la gare vous descendez et prenez une ligne urbaine \u2013 ou en taxi.<span class=\"Apple-converted-space\">\u00a0<\/span><\/p>\n<\/div>\n<\/div>\n<\/div>\n<\/div>\n<\/section>\n","protected":false},"excerpt":{"rendered":"<p>L&rsquo;Emplacement &nbsp; Escalus Luxury Suites, qui donne sur la c\u00e9l\u00e8bre Rue Mazzini, est situ\u00e9 \u00e0 50 m des Ar\u00e8nes de V\u00e9rone, l\u2019amphith\u00e9\u00e2tre romain qui accueille chaque \u00e9t\u00e9 la prestigieuse Op\u00e9ra lyrique. Gr\u00e2ce \u00e0 son entr\u00e9e en Vicolo Tre Marchetti, les h\u00f4tes peuvent facilement se rendre \u00e0 l\u2019amphith\u00e9\u00e2tre en deux minutes. De plus, le palais historique qui accueille notre h\u00f4tel permet aux h\u00f4tes de vivre leur&#8230;<\/p>\n<p><a class=\"more-link\" href=\"https:\/\/www.escalusverona.com\/fr\/emplacement\/\">Read More<\/a><\/p>\n","protected":false},"author":1,"featured_media":0,"parent":0,"menu_order":0,"comment_status":"closed","ping_status":"closed","template":"","meta":[],"_links":{"self":[{"href":"https:\/\/www.escalusverona.com\/fr\/wp-json\/wp\/v2\/pages\/1239"}],"collection":[{"href":"https:\/\/www.escalusverona.com\/fr\/wp-json\/wp\/v2\/pages"}],"about":[{"href":"https:\/\/www.escalusverona.com\/fr\/wp-json\/wp\/v2\/types\/page"}],"author":[{"embeddable":true,"href":"https:\/\/www.escalusverona.com\/fr\/wp-json\/wp\/v2\/users\/1"}],"replies":[{"embeddable":true,"href":"https:\/\/www.escalusverona.com\/fr\/wp-json\/wp\/v2\/comments?post=1239"}],"version-history":[{"count":4,"href":"https:\/\/www.escalusverona.com\/fr\/wp-json\/wp\/v2\/pages\/1239\/revisions"}],"predecessor-version":[{"id":1466,"href":"https:\/\/www.escalusverona.com\/fr\/wp-json\/wp\/v2\/pages\/1239\/revisions\/1466"}],"wp:attachment":[{"href":"https:\/\/www.escalusverona.com\/fr\/wp-json\/wp\/v2\/media?parent=1239"}],"curies":[{"name":"wp","href":"https:\/\/api.w.org\/{rel}","templated":true}]}}