{"id":1237,"date":"2018-11-12T15:31:15","date_gmt":"2018-11-12T14:31:15","guid":{"rendered":"https:\/\/www.escalusverona.com\/hotel\/"},"modified":"2025-10-13T14:15:01","modified_gmt":"2025-10-13T12:15:01","slug":"home","status":"publish","type":"page","link":"https:\/\/www.escalusverona.com\/fr\/home\/","title":{"rendered":"Home"},"content":{"rendered":"<p>[vc_row][vc_column][vc_column_text]<\/p>\n<p style=\"text-align: center;\">Escalus Luxury Suites se trouve en Vicolo Tre Marchetti, \u00e0 50 m des Ar\u00e8nes de V\u00e9rone, dans un ancien palais historique. Dou\u00e9 d\u2019un ascenseur et d\u2019une r\u00e9ception disponible 24 heures sur 24, Escalus offre \u00e0 ses clients des services exclusives comme le petit-d\u00e9jeuner servi directement dans la chambre, le mini-bar, une connexion WIFI accessible dans toute la structure et finalement un service de parking conventionn\u00e9.<\/p>\n<p style=\"text-align: center;\">C\u2019est le choix parfait pour les voyageurs d\u2019affaires et de loisirs et pour tous les touristes qui veulent \u00e9prouver en vacances la sensation d\u2019\u00eatre comme chez soi.<\/p>\n<p>[\/vc_column_text][\/vc_column][\/vc_row][vc_row content_placement=\u00a0\u00bbmiddle\u00a0\u00bb css=\u00a0\u00bb.vc_custom_1531478373910{padding-top: 50px !important;}\u00a0\u00bb][vc_column width=\u00a0\u00bb1\/4&Prime;][vc_single_image image=\u00a0\u00bb1747&Prime; img_size=\u00a0\u00bb300&#215;240&Prime; alignment=\u00a0\u00bbcenter\u00a0\u00bb onclick=\u00a0\u00bblink_image\u00a0\u00bb][\/vc_column][vc_column width=\u00a0\u00bb1\/4&Prime;][vc_single_image image=\u00a0\u00bb1645&Prime; img_size=\u00a0\u00bb300&#215;240&Prime; alignment=\u00a0\u00bbcenter\u00a0\u00bb onclick=\u00a0\u00bblink_image\u00a0\u00bb][\/vc_column][vc_column width=\u00a0\u00bb1\/4&Prime;][vc_single_image image=\u00a0\u00bb1637&Prime; img_size=\u00a0\u00bb300&#215;240&Prime; alignment=\u00a0\u00bbcenter\u00a0\u00bb onclick=\u00a0\u00bblink_image\u00a0\u00bb][\/vc_column][vc_column width=\u00a0\u00bb1\/4&Prime;][vc_single_image image=\u00a0\u00bb1577&Prime; img_size=\u00a0\u00bb300&#215;240&Prime; alignment=\u00a0\u00bbcenter\u00a0\u00bb onclick=\u00a0\u00bblink_image\u00a0\u00bb][\/vc_column][\/vc_row]<\/p>\n","protected":false},"excerpt":{"rendered":"<p>[vc_row][vc_column][vc_column_text] Escalus Luxury Suites se trouve en Vicolo Tre Marchetti, \u00e0 50 m des Ar\u00e8nes de V\u00e9rone, dans un ancien palais historique. Dou\u00e9 d\u2019un ascenseur et d\u2019une r\u00e9ception disponible 24 heures sur 24, Escalus offre \u00e0 ses clients des services exclusives comme le petit-d\u00e9jeuner servi directement dans la chambre, le mini-bar, une connexion WIFI accessible dans toute la structure et finalement un service de parking&#8230;<\/p>\n<p><a class=\"more-link\" href=\"https:\/\/www.escalusverona.com\/fr\/home\/\">Read More<\/a><\/p>\n","protected":false},"author":1,"featured_media":0,"parent":0,"menu_order":0,"comment_status":"closed","ping_status":"closed","template":"","meta":[],"_links":{"self":[{"href":"https:\/\/www.escalusverona.com\/fr\/wp-json\/wp\/v2\/pages\/1237"}],"collection":[{"href":"https:\/\/www.escalusverona.com\/fr\/wp-json\/wp\/v2\/pages"}],"about":[{"href":"https:\/\/www.escalusverona.com\/fr\/wp-json\/wp\/v2\/types\/page"}],"author":[{"embeddable":true,"href":"https:\/\/www.escalusverona.com\/fr\/wp-json\/wp\/v2\/users\/1"}],"replies":[{"embeddable":true,"href":"https:\/\/www.escalusverona.com\/fr\/wp-json\/wp\/v2\/comments?post=1237"}],"version-history":[{"count":7,"href":"https:\/\/www.escalusverona.com\/fr\/wp-json\/wp\/v2\/pages\/1237\/revisions"}],"predecessor-version":[{"id":1782,"href":"https:\/\/www.escalusverona.com\/fr\/wp-json\/wp\/v2\/pages\/1237\/revisions\/1782"}],"wp:attachment":[{"href":"https:\/\/www.escalusverona.com\/fr\/wp-json\/wp\/v2\/media?parent=1237"}],"curies":[{"name":"wp","href":"https:\/\/api.w.org\/{rel}","templated":true}]}}