{"id":1236,"date":"2018-11-12T15:30:25","date_gmt":"2018-11-12T14:30:25","guid":{"rendered":"https:\/\/www.escalusverona.com\/bienvenu\/"},"modified":"2019-07-03T13:58:55","modified_gmt":"2019-07-03T11:58:55","slug":"bienvenu","status":"publish","type":"page","link":"https:\/\/www.escalusverona.com\/fr\/","title":{"rendered":"Bienvenu"},"content":{"rendered":"<p>Escalus Luxury Suites prend son nom du prince Escalus, le personnage de la c\u00e9l\u00e8bre trag\u00e9die shakespearienne \u00ab\u00a0Rom\u00e9o et Juliette\u00a0\u00bb.<\/p>\n<p>Situ\u00e9e \u00e0 quelques pas des Ar\u00e8nes, Escalus Luxury Suites est une structure extra-h\u00f4teli\u00e8re faisant partie de la cat\u00e9gorie \u00ab\u00a0boutique accomodation\u00a0\u00bb.<span class=\"Apple-converted-space\">\u00a0<\/span><\/p>\n<p>L\u2019attention aux d\u00e9tails et aux clients, l\u2019\u00e9l\u00e9gance et le confort sont les traits distinctives de ce petit palais au centre de la romantique V\u00e9rone.<\/p>\n","protected":false},"excerpt":{"rendered":"<p>Escalus Luxury Suites prend son nom du prince Escalus, le personnage de la c\u00e9l\u00e8bre trag\u00e9die shakespearienne \u00ab\u00a0Rom\u00e9o et Juliette\u00a0\u00bb. Situ\u00e9e \u00e0 quelques pas des Ar\u00e8nes, Escalus Luxury Suites est une structure extra-h\u00f4teli\u00e8re faisant partie de la cat\u00e9gorie \u00ab\u00a0boutique accomodation\u00a0\u00bb.\u00a0 L\u2019attention aux d\u00e9tails et aux clients, l\u2019\u00e9l\u00e9gance et le confort sont les traits distinctives de ce petit palais au centre de la romantique V\u00e9rone.<\/p>\n","protected":false},"author":1,"featured_media":0,"parent":0,"menu_order":0,"comment_status":"closed","ping_status":"closed","template":"home-template.php","meta":[],"_links":{"self":[{"href":"https:\/\/www.escalusverona.com\/fr\/wp-json\/wp\/v2\/pages\/1236"}],"collection":[{"href":"https:\/\/www.escalusverona.com\/fr\/wp-json\/wp\/v2\/pages"}],"about":[{"href":"https:\/\/www.escalusverona.com\/fr\/wp-json\/wp\/v2\/types\/page"}],"author":[{"embeddable":true,"href":"https:\/\/www.escalusverona.com\/fr\/wp-json\/wp\/v2\/users\/1"}],"replies":[{"embeddable":true,"href":"https:\/\/www.escalusverona.com\/fr\/wp-json\/wp\/v2\/comments?post=1236"}],"version-history":[{"count":3,"href":"https:\/\/www.escalusverona.com\/fr\/wp-json\/wp\/v2\/pages\/1236\/revisions"}],"predecessor-version":[{"id":1477,"href":"https:\/\/www.escalusverona.com\/fr\/wp-json\/wp\/v2\/pages\/1236\/revisions\/1477"}],"wp:attachment":[{"href":"https:\/\/www.escalusverona.com\/fr\/wp-json\/wp\/v2\/media?parent=1236"}],"curies":[{"name":"wp","href":"https:\/\/api.w.org\/{rel}","templated":true}]}}