{"id":1413,"date":"2019-01-03T18:35:44","date_gmt":"2019-01-03T17:35:44","guid":{"rendered":"https:\/\/www.escalusverona.com\/bewertungen\/"},"modified":"2025-10-13T14:20:04","modified_gmt":"2025-10-13T12:20:04","slug":"bewertungen","status":"publish","type":"page","link":"https:\/\/www.escalusverona.com\/de\/bewertungen\/","title":{"rendered":"Bewertungen"},"content":{"rendered":"<p>[vc_row][vc_column][vc_column_text]<\/p>\n<p style=\"text-align: center;\">Lesen Sie die Meinungen, die unsere G\u00e4ste auf den wichtigsten Bewertungsportalen online ver\u00f6ffentlicht haben! Bitte beachten Sie, dass Sie nur durch eine Buchung \u00fcber unsere offizielle Webseite zu einem privilegierten Reisenden werden: Unsere Mitarbeiter werden sich von Anfang bis Ende pers\u00f6nlich um Sie k\u00fcmmern und Sie kommen in den Genuss einer Reihe von Sondertarifen, Angeboten und Aktionen, die exklusiv f\u00fcr Sie reserviert sind! Dar\u00fcber hinaus werden Sie bei Buchung \u00fcber unsere offizielle Webseite gebeten, eine \u201eoffizielle Bewertung\u201c zu schreiben, die verb\u00fcrgt ist, weil sie mit einer tats\u00e4chlichen Reservierung verbunden ist. Auf diese Weise k\u00f6nnen Sie dazu beitragen, die Qualit\u00e4t der Dienstleistungen, die wir Ihnen und allen Reisenden bieten, zu verbessern!<\/p>\n<p>[\/vc_column_text][\/vc_column][\/vc_row][vc_row][vc_column][vc_empty_space height=&#8220;20px&#8220;][\/vc_column][\/vc_row][vc_row][vc_column width=&#8220;1\/3&#8243;][\/vc_column][vc_column width=&#8220;1\/3&#8243;][vc_raw_html]JTNDZGl2JTIwaWQlM0QlMjd3aWRnZXRDb250YWluZXJCb3glMjclMjBkYXRhLWlzYWRkbm9mb2xsb3clM0QlMjdmYWxzZSUyNyUzRSUzQyUyRmRpdiUzRSUwQSUwQSUzQ3NjcmlwdCUyMHNyYyUzRCUyN2h0dHBzJTNBJTJGJTJGYXBwcy5leHBlZGlhcGFydG5lcmNlbnRyYWwuY29tJTJGbG9kZ2luZyUyRmNvbnRlbnQlMkZhd2FyZCUyRnN0YXRpYyUyRmpzJTJGcmV2aWV3Q291bnQlMkYzMzAwMzMxJTJGRXhwZWRpYS1MaWdodC1TcXVhcmUtaXRfSVQuanMlM0Z3aWRnZXROYW1lJTNEV2lkZ2V0JTIwcmVjZW5zaW9uaSUyMHZlcmlmaWNhdGUlMjZob3RlbE5hbWUlM0RFc2NhbHVzJTIwTHV4dXJ5JTIwU3VpdGVzJTIwVmVyb25hJTI2bm9Gb2xsb3clM0RmYWxzZSUyNyUzRSUzQyUyRnNjcmlwdCUzRSUwQSUwQSUzQ3NjcmlwdCUyMHNyYyUzRCUyN2h0dHBzJTNBJTJGJTJGYXBwcy5leHBlZGlhcGFydG5lcmNlbnRyYWwuY29tJTJGbG9kZ2luZyUyRmNvbnRlbnQlMkZhd2FyZCUyRnN0YXRpYyUyRmpzJTJGcmF0aW5nJTJGMzMwMDMzMSUyRlRyYXZlbG9jaXR5LUxpZ2h0LVNxdWFyZS1lbl9VUy5qcyUzRndpZGdldE5hbWUlM0RXaWRnZXQlMjB2YWx1dGF6aW9uZSUyMHN0cnV0dHVyYSUyNmhvdGVsTmFtZSUzREVzY2FsdXMlMjBMdXh1cnklMjBTdWl0ZXMlMjBWZXJvbmElMjZub0ZvbGxvdyUzRGZhbHNlJTI3JTNFJTNDJTJGc2NyaXB0JTNF[\/vc_raw_html][\/vc_column][vc_column width=&#8220;1\/3&#8243;][\/vc_column][\/vc_row]<\/p>\n","protected":false},"excerpt":{"rendered":"<p>[vc_row][vc_column][vc_column_text] Lesen Sie die Meinungen, die unsere G\u00e4ste auf den wichtigsten Bewertungsportalen online ver\u00f6ffentlicht haben! Bitte beachten Sie, dass Sie nur durch eine Buchung \u00fcber unsere offizielle Webseite zu einem privilegierten Reisenden werden: Unsere Mitarbeiter werden sich von Anfang bis Ende pers\u00f6nlich um Sie k\u00fcmmern und Sie kommen in den Genuss einer Reihe von Sondertarifen, Angeboten und Aktionen, die exklusiv f\u00fcr Sie reserviert sind! Dar\u00fcber&#8230;<\/p>\n<p><a class=\"more-link\" href=\"https:\/\/www.escalusverona.com\/de\/bewertungen\/\">Read More<\/a><\/p>\n","protected":false},"author":1,"featured_media":0,"parent":0,"menu_order":0,"comment_status":"closed","ping_status":"closed","template":"","meta":[],"_links":{"self":[{"href":"https:\/\/www.escalusverona.com\/de\/wp-json\/wp\/v2\/pages\/1413"}],"collection":[{"href":"https:\/\/www.escalusverona.com\/de\/wp-json\/wp\/v2\/pages"}],"about":[{"href":"https:\/\/www.escalusverona.com\/de\/wp-json\/wp\/v2\/types\/page"}],"author":[{"embeddable":true,"href":"https:\/\/www.escalusverona.com\/de\/wp-json\/wp\/v2\/users\/1"}],"replies":[{"embeddable":true,"href":"https:\/\/www.escalusverona.com\/de\/wp-json\/wp\/v2\/comments?post=1413"}],"version-history":[{"count":9,"href":"https:\/\/www.escalusverona.com\/de\/wp-json\/wp\/v2\/pages\/1413\/revisions"}],"predecessor-version":[{"id":1788,"href":"https:\/\/www.escalusverona.com\/de\/wp-json\/wp\/v2\/pages\/1413\/revisions\/1788"}],"wp:attachment":[{"href":"https:\/\/www.escalusverona.com\/de\/wp-json\/wp\/v2\/media?parent=1413"}],"curies":[{"name":"wp","href":"https:\/\/api.w.org\/{rel}","templated":true}]}}