{"id":1254,"date":"2018-11-12T15:40:21","date_gmt":"2018-11-12T14:40:21","guid":{"rendered":"https:\/\/www.escalusverona.com\/zimmer\/"},"modified":"2025-10-06T16:30:05","modified_gmt":"2025-10-06T14:30:05","slug":"zimmer","status":"publish","type":"page","link":"https:\/\/www.escalusverona.com\/de\/zimmer\/","title":{"rendered":"Zimmer"},"content":{"rendered":"<p>[vc_row css=&#8220;.vc_custom_1529328255288{padding-bottom: 50px !important;}&#8220;][vc_column][vc_column_text]<\/p>\n<p style=\"text-align: center;\">3 <b>Zimmern<\/b> Arten unterschiedlicher Gr\u00f6\u00dfe, ger\u00e4umig und behaglich wie <b>Appartements<\/b>, kreiert vom Innenraum-Designer <b>Andrea Truglio<\/b> f\u00fcr einen einzigartigen Lebensstil.<span class=\"Apple-converted-space\">\u00a0<\/span><\/p>\n<p style=\"text-align: center;\">Im Herzen der <b>Altstadt<\/b> sind die 6 L\u00f6sungen des <b>Escalus Luxury Suites<\/b> von <b>Verona, <\/b>eine Mischung aus<b> <\/b>Design, <b>Charme<\/b> und <b>Luxus<\/b>, das ideale Angebot f\u00fcr all jene, die ihren <b>Gesch\u00e4ftsaufenthalt<\/b> oder ihren <b>Urlaub<\/b> in einer Unterkunft verbringen m\u00f6chten, die mehr als nur ein Gasthof ist, und zudem s\u00e4mtliche Dienstleistungen eines Boutique-Accomodation bietet.<span class=\"Apple-converted-space\">\u00a0<\/span><\/p>\n<p>[\/vc_column_text][\/vc_column][\/vc_row][vc_row css=&#8220;.vc_custom_1529328876459{padding-bottom: 60px !important;}&#8220;][vc_column width=&#8220;1\/2&#8243;][vc_gallery type=&#8220;nivo&#8220; interval=&#8220;0&#8243; images=&#8220;1672,1664,1668,1688,1676,1680,1684,1660&#8243; img_size=&#8220;600&#215;350&#8243;][vc_column_text]<\/p>\n<h3 style=\"text-align: center;\">Junior Suite Design<\/h3>\n<p>[\/vc_column_text][vc_column_text]<\/p>\n<p style=\"text-align: center;\">Diese romantische, 30 m\u00b2 gro\u00dfe Suite blickt auf die ber\u00fchmte Via Mazzini, eine der sch\u00f6nsten Fu\u00dfg\u00e4ngerzonen von Verona. Es besteht aus einem Vorraum mit einer Minibar, einem gro\u00dfen Schlafzimmer mit einem Himmelbett mit modernem Design und einem Badezimmer mit Marmorboden. Die Einrichtung, elegant und von Design, wurde von dem Innenarchitekten Andrea Truglio \u00fcbernommen und f\u00fcr Escalus Luxury Suites ma\u00dfgefertigt. Die B\u00f6den sind in Marmor und Eicheparquett. Die Besonderheit dieser Suite ist das Badezimmer, ausgestattet mit einer ger\u00e4umigen Dusche mit Blick auf das Schlafzimmer, mit einem elektrischen Verdunkelungssystem. F\u00fcr unsere G\u00e4ste gibt es Pflegeprodukten, professioneller Haartrockner, Bademantel und Slippers.<\/p>\n<p style=\"text-align: center;\">\u00a0Das Zimmer ist mit Klimaanlage \/ Zentralheizung ausgestattet, die auch individuell vom Zimmer aus bedient werden kann, LCD-TV, Sat-TV, Minibar, Schreibtisch, Telefon, Safe. In der Suite befindet sich eine Kaffeemaschine mit Kapseln und eine Auswahl an Tees und Kr\u00e4utertees mit Wasserkocher. Kostenloser Wi-Fi-Internetzugang.<\/p>\n<p style=\"text-align: center;\">Es ist m\u00f6glich, eine Wiege 0-3 Jahre hinzuzuf\u00fcgen.<\/p>\n<p>[\/vc_column_text][\/vc_column][vc_column width=&#8220;1\/2&#8243;][vc_gallery type=&#8220;nivo&#8220; interval=&#8220;0&#8243; images=&#8220;1700,1696,1692,1704,1712,1716,1720,1708&#8243; img_size=&#8220;600&#215;350&#8243;][vc_column_text]<\/p>\n<h3 style=\"text-align: center;\">Suite Fashion<\/h3>\n<p>[\/vc_column_text][vc_column_text]<\/p>\n<p style=\"text-align: center;\">Die schoene 40 m\u00b2 Fashion Suite blickt auf die Via Mazzini, eine der sch\u00f6nsten Fu\u00dfg\u00e4ngerzonen von Verona. Es besteht aus einem gro\u00dfen, modernen und hellen Wohnzimmer mit Minibar, Sofa, Sesseln, gro\u00dfem LCD-TV, Telefon und Safe, einem Schlafzimmer mit Doppelbett, Schreibtisch und Fernseher und einem gro\u00dfen, hellen Badezimmer mit Marmorboden. Die Einrichtung, elegant und von Design, wurde von dem Innenarchitekten Andrea Truglio \u00fcbernommen und f\u00fcr Escalus Luxury Suites ma\u00dfgefertigt. Die B\u00f6den sind in Marmor und Eicheparkett. Das Badezimmer ist mit einer ger\u00e4umigen Dusche, zwei Waschbecken, Pflegeprodukten, professionellem Haartrockner, Bademantel und Slippers ausgestattet. Die Klimaanlage \/ Zentralheizung ist individuell vom Zimmer aus einstellbar. In der Suite befindet sich eine Kaffeemaschine mit Kapseln und eine Auswahl an Tees und Kr\u00e4utertees mit Wasserkocher. Kostenloser Wi-Fi-Internetzugang.<\/p>\n<p style=\"text-align: center;\">Es ist m\u00f6glich, ein Kinderbett 0-3 Jahre oder ein Einzelbett im Wohnzimmer hinzuzuf\u00fcgen.<\/p>\n<p>[\/vc_column_text][\/vc_column][\/vc_row][vc_row][vc_column width=&#8220;1\/2&#8243;][vc_gallery type=&#8220;nivo&#8220; interval=&#8220;0&#8243; images=&#8220;1744,1748,1752,1732,1724,1728,1736,1740&#8243; img_size=&#8220;600&#215;350&#8243;][vc_column_text]<\/p>\n<h3 style=\"text-align: center;\">Suite Glamour Deluxe<\/h3>\n<p>[\/vc_column_text][vc_column_text]<\/p>\n<p style=\"text-align: center;\">Die wundersch\u00f6ne 50 m\u00b2 Glamour Deluxe Suite ist die gr\u00f6\u00dfte unserer Suiten. Einige Suiten dieses Typs verf\u00fcgen \u00fcber einen Balkon mit einem unvergesslichen Teilblick auf die Arena. Es ist eine ideale Suite f\u00fcr Reisende mit der Familie, f\u00fcr Gesch\u00e4ftsreisende oder f\u00fcr l\u00e4ngere Aufenthalte, sowie f\u00fcr diejenigen, die einfach den Komfort gro\u00dfer R\u00e4ume lieben. Die Einrichtung, elegant und von Design, wurde von dem Innenarchitekten Andrea Truglio \u00fcbernommen und f\u00fcr Escalus Luxury Suites ma\u00dfgefertigt. Die B\u00f6den sind in Eichenparquett und Marmor. Ein gro\u00dfes, modernes und helles Wohnzimmer mit Sofa, Sesseln, gro\u00dfem LCD-TV, Telefon, Schreibtisch, Safe, PC im Zimmer auf Anfrage. Das Schlafzimmer verf\u00fcgt \u00fcber ein Kingsize-Doppelbett oder auf Wunsch zwei Einzelbetten. Das Badezimmer ist mit einer ger\u00e4umigen Dusche, Pflegeprodukten, professionellem Haartrockner, Bademantel und Slippers ausgestattet. Die Klimaanlage \/ Zentralheizung ist individuell vom Zimmer aus einstellbar. In der Suite steht den G\u00e4sten eine Kaffeemaschine mit Kapseln sowie eine Auswahl an Tees und Kr\u00e4utertees mit einem Wasserkocher zur Verf\u00fcgung. Kostenloser Wi-Fi-Internetzugang.<\/p>\n<p style=\"text-align: center;\">Es ist m\u00f6glich, bis zu zwei zus\u00e4tzliche Betten \/ Kinderbett 0-3 Jahre hinzuzuf\u00fcgen.<\/p>\n<p>[\/vc_column_text][\/vc_column][vc_column width=&#8220;1\/2&#8243;][vc_gallery type=&#8220;nivo&#8220; interval=&#8220;0&#8243; images=&#8220;1081,1083,1095,1094,1086,1084,1090,1087,1092,1091,1093,1089,1079,1088,1096&#8243; img_size=&#8220;600&#215;350&#8243;][vc_column_text]<\/p>\n<h3 style=\"text-align: center;\">Annex Wohnung in Separatem\u00a0Geb\u00e4ude<\/h3>\n<p>[\/vc_column_text][vc_column_text]<\/p>\n<p style=\"text-align: center;\"><strong>LOCAZIONE TURISTICA M0230910680<\/strong><\/p>\n<p style=\"text-align: center;\">Das Annex Apartment befindet sich in einem historischen Geb\u00e4ude, 350 m vom Escalus Luxury Suites entfernt. Mit seinen 80 m\u00b2 ist es die perfekte Kombination aus Komfort und Eleganz. Es besteht aus einem gro\u00dfen Wohnzimmer, einer ger\u00e4umigen K\u00fcche mit K\u00fchlschrank, Elektroherd und Mikrowelle, einem Badezimmer, einem Schlafzimmer mit Doppelbett und einem Schlafzimmer mit 2 Einzelbetten.<\/p>\n<p style=\"text-align: center;\">Zur Verf\u00fcgung<span class=\"Apple-converted-space\">\u00a0 <\/span>haben die G\u00e4ste Kaffeemaschine mit Kapseln sowie eine Auswahl an Tees und Kr\u00e4utertees mit einem Wasserkocher zur Verf\u00fcgung. Kostenloser Wi-Fi-Internetzugang.<\/p>\n<p style=\"text-align: center;\">Die Wohnung hat kein Fr\u00fchst\u00fcck und t\u00e4gliche Reinigung. Das Geb\u00e4ude kann von den G\u00e4sten unabh\u00e4ngig, zu Fu\u00df oder mit dem eigenen Auto erreicht werden.<\/p>\n<p style=\"text-align: center;\">Der Check-in und der Check-out erfolgen in Escalus Luxury Suites. Sie k\u00f6nnen die Escalus-Mitarbeiter h24<span class=\"Apple-converted-space\">\u00a0 <\/span>kontaktieren.<\/p>\n<p>[\/vc_column_text][\/vc_column][\/vc_row]<\/p>\n","protected":false},"excerpt":{"rendered":"<p>[vc_row css=&#8220;.vc_custom_1529328255288{padding-bottom: 50px !important;}&#8220;][vc_column][vc_column_text] 3 Zimmern Arten unterschiedlicher Gr\u00f6\u00dfe, ger\u00e4umig und behaglich wie Appartements, kreiert vom Innenraum-Designer Andrea Truglio f\u00fcr einen einzigartigen Lebensstil.\u00a0 Im Herzen der Altstadt sind die 6 L\u00f6sungen des Escalus Luxury Suites von Verona, eine Mischung aus Design, Charme und Luxus, das ideale Angebot f\u00fcr all jene, die ihren Gesch\u00e4ftsaufenthalt oder ihren Urlaub in einer Unterkunft verbringen m\u00f6chten, die mehr als nur&#8230;<\/p>\n<p><a class=\"more-link\" href=\"https:\/\/www.escalusverona.com\/de\/zimmer\/\">Read More<\/a><\/p>\n","protected":false},"author":1,"featured_media":0,"parent":0,"menu_order":0,"comment_status":"closed","ping_status":"closed","template":"","meta":[],"_links":{"self":[{"href":"https:\/\/www.escalusverona.com\/de\/wp-json\/wp\/v2\/pages\/1254"}],"collection":[{"href":"https:\/\/www.escalusverona.com\/de\/wp-json\/wp\/v2\/pages"}],"about":[{"href":"https:\/\/www.escalusverona.com\/de\/wp-json\/wp\/v2\/types\/page"}],"author":[{"embeddable":true,"href":"https:\/\/www.escalusverona.com\/de\/wp-json\/wp\/v2\/users\/1"}],"replies":[{"embeddable":true,"href":"https:\/\/www.escalusverona.com\/de\/wp-json\/wp\/v2\/comments?post=1254"}],"version-history":[{"count":18,"href":"https:\/\/www.escalusverona.com\/de\/wp-json\/wp\/v2\/pages\/1254\/revisions"}],"predecessor-version":[{"id":1758,"href":"https:\/\/www.escalusverona.com\/de\/wp-json\/wp\/v2\/pages\/1254\/revisions\/1758"}],"wp:attachment":[{"href":"https:\/\/www.escalusverona.com\/de\/wp-json\/wp\/v2\/media?parent=1254"}],"curies":[{"name":"wp","href":"https:\/\/api.w.org\/{rel}","templated":true}]}}