{"id":1253,"date":"2018-11-12T15:38:52","date_gmt":"2018-11-12T14:38:52","guid":{"rendered":"https:\/\/www.escalusverona.com\/lage\/"},"modified":"2019-05-03T12:46:12","modified_gmt":"2019-05-03T10:46:12","slug":"lage","status":"publish","type":"page","link":"https:\/\/www.escalusverona.com\/de\/lage\/","title":{"rendered":"Lage"},"content":{"rendered":"<div class=\"wpgmp_map_container wpgmp-map-provider-google wpgmp-map-1\" rel=\"map1\" data-plugin-version=\"4.8.6\"><div class=\"wpgmp_map_parent\"><div class=\"wpgmp_map \" style=\"width:100%; height:700px;\" id=\"map1\" data-map-id=\"1\"><\/div><\/div><\/div><script>jQuery(document).ready(function($){ window.wpgmp = window.wpgmp || {}; window.wpgmp.mapdata1 = \"eyJhdXRvc29ydCI6dHJ1ZSwibWFwX29wdGlvbnMiOnsiY2VudGVyX2xhdCI6IjQ1LjQ0MDM0NSIsImNlbnRlcl9sbmciOiIxMC45OTQ3MjkiLCJ6b29tIjoxNSwibWFwX3R5cGVfaWQiOiJST0FETUFQIiwiY2VudGVyX2J5X25lYXJlc3QiOmZhbHNlLCJmaXRfYm91bmRzIjpmYWxzZSwic2hvd19jZW50ZXJfY2lyY2xlIjpmYWxzZSwic2hvd19jZW50ZXJfbWFya2VyIjpmYWxzZSwiZHJhZ2dhYmxlIjp0cnVlLCJzY3JvbGxfd2hlZWwiOiJmYWxzZSIsImluZm93aW5kb3dfc2tpbiI6eyJuYW1lIjoiZGVmYXVsdCIsInR5cGUiOiJpbmZvd2luZG93In0sImluZm93aW5kb3dfZHJvcF9hbmltYXRpb24iOmZhbHNlLCJjbG9zZV9pbmZvd2luZG93X29uX21hcF9jbGljayI6ZmFsc2UsImRlZmF1bHRfaW5mb3dpbmRvd19vcGVuIjpmYWxzZSwiaW5mb3dpbmRvd19vcGVuX2V2ZW50IjoiY2xpY2siLCJsaXN0aW5nX2luZm93aW5kb3dfb3Blbl9ldmVudCI6ImNsaWNrIiwiaXNfbW9iaWxlIjpmYWxzZSwiaW5mb3dpbmRvd19maWx0ZXJfb25seSI6ZmFsc2UsImluZm93aW5kb3dfY2xpY2tfY2hhbmdlX2NlbnRlciI6ZmFsc2UsImZ1bGxfc2NyZWVuX2NvbnRyb2wiOnRydWUsImNhbWVyYV9jb250cm9sIjpmYWxzZSwic2VhcmNoX2NvbnRyb2wiOnRydWUsInpvb21fY29udHJvbCI6dHJ1ZSwibWFwX3R5cGVfY29udHJvbCI6dHJ1ZSwic3RyZWV0X3ZpZXdfY29udHJvbCI6dHJ1ZSwibG9jYXRlbWVfY29udHJvbCI6ZmFsc2UsIm1vYmlsZV9zcGVjaWZpYyI6ZmFsc2UsInpvb21fbW9iaWxlIjo1LCJkcmFnZ2FibGVfbW9iaWxlIjp0cnVlLCJzY3JvbGxfd2hlZWxfbW9iaWxlIjp0cnVlLCJ6b29tX2NvbnRyb2xfcG9zaXRpb24iOiJUT1BfTEVGVCIsIm1hcF90eXBlX2NvbnRyb2xfcG9zaXRpb24iOiJUT1BfUklHSFQiLCJtYXBfdHlwZV9jb250cm9sX3N0eWxlIjoiSE9SSVpPTlRBTF9CQVIiLCJzdHJlZXRfdmlld19jb250cm9sX3Bvc2l0aW9uIjoiVE9QX0xFRlQiLCJtYXBfaW5mb3dpbmRvd19jdXN0b21pc2F0aW9ucyI6ZmFsc2UsImluZm93aW5kb3dfd2lkdGgiOiIxMDAlIiwic2hvd19pbmZvd2luZG93X2hlYWRlciI6ZmFsc2UsInpvb21fbGV2ZWxfYWZ0ZXJfc2VhcmNoIjoxMCwiZG91YmxlY2xpY2t6b29tIjpmYWxzZSwiY3VycmVudF9wb3N0X29ubHkiOmZhbHNlLCJhZHZhbmNlX3RlbXBsYXRlIjpmYWxzZSwibWFwX3RpbGVfdXJsIjoiaHR0cHM6XC9cL3tzfS50aWxlLm9wZW5zdHJlZXRtYXAub3JnXC97en1cL3t4fVwve3l9LnBuZyIsIm9wZW5zdHJlZXRfc3R5bGVzIjp7Ik9wZW5TdHJlZXRNYXAuTWFwbmlrIjoiaHR0cHM6XC9cL3tzfS50aWxlLm9wZW5zdHJlZXRtYXAub3JnXC97en1cL3t4fVwve3l9LnBuZyIsIk9wZW5TdHJlZXRNYXAuREUiOiJodHRwczpcL1wve3N9LnRpbGUub3BlbnN0cmVldG1hcC5kZVwvdGlsZXNcL29zbWRlXC97en1cL3t4fVwve3l9LnBuZyIsIk9wZW5TdHJlZXRNYXAuQ0giOiJodHRwczpcL1wvdGlsZS5vc20uY2hcL3N3aXR6ZXJsYW5kXC97en1cL3t4fVwve3l9LnBuZyIsIk9wZW5TdHJlZXRNYXAuRnJhbmNlIjoiaHR0cHM6XC9cL3tzfS50aWxlLm9wZW5zdHJlZXRtYXAuZnJcL29zbWZyXC97en1cL3t4fVwve3l9LnBuZyIsIk9wZW5TdHJlZXRNYXAuSE9UIjoiaHR0cHM6XC9cL3tzfS50aWxlLm9wZW5zdHJlZXRtYXAuZnJcL2hvdFwve3p9XC97eH1cL3t5fS5wbmciLCJPcGVuU3RyZWV0TWFwLkJaSCI6Imh0dHBzOlwvXC90aWxlLm9wZW5zdHJlZXRtYXAuYnpoXC9iclwve3p9XC97eH1cL3t5fS5wbmciLCJPcGVuVG9wb01hcCI6Imh0dHBzOlwvXC97c30udGlsZS5vcGVudG9wb21hcC5vcmdcL3t6fVwve3h9XC97eX0ucG5nIiwiVGh1bmRlcmZvcmVzdC5PcGVuQ3ljbGVNYXAiOiJodHRwczpcL1wvZGV2LntzfS50aWxlLm9wZW5zdHJlZXRtYXAuZnJcL2N5Y2xvc21cL3t6fVwve3h9XC97eX0ucG5nIiwiT3Blbk1hcFN1cmZlci5Sb2FkcyI6Imh0dHBzOlwvXC9tYXBzLmhlaWdpdC5vcmdcL29wZW5tYXBzdXJmZXJcL3RpbGVzXC9yb2Fkc1wvd2VibWVyY2F0b3JcL3t6fVwve3h9XC97eX0ucG5nIn0sIm9wZW5zdHJlZXRfc3R5bGVzX21hcmt1cCI6IjxzZWxlY3QgY2xhc3M9XCJ3cG9tcF9tYXBfdHlwZVwiPjxvcHRpb24gdmFsdWU9XCJPcGVuU3RyZWV0TWFwLk1hcG5pa1wiPk9wZW5TdHJlZXRNYXAuTWFwbmlrPFwvb3B0aW9uPjxvcHRpb24gdmFsdWU9XCJPcGVuU3RyZWV0TWFwLkRFXCI+T3BlblN0cmVldE1hcC5ERTxcL29wdGlvbj48b3B0aW9uIHZhbHVlPVwiT3BlblN0cmVldE1hcC5DSFwiPk9wZW5TdHJlZXRNYXAuQ0g8XC9vcHRpb24+PG9wdGlvbiB2YWx1ZT1cIk9wZW5TdHJlZXRNYXAuRnJhbmNlXCI+T3BlblN0cmVldE1hcC5GcmFuY2U8XC9vcHRpb24+PG9wdGlvbiB2YWx1ZT1cIk9wZW5TdHJlZXRNYXAuSE9UXCI+T3BlblN0cmVldE1hcC5IT1Q8XC9vcHRpb24+PG9wdGlvbiB2YWx1ZT1cIk9wZW5TdHJlZXRNYXAuQlpIXCI+T3BlblN0cmVldE1hcC5CWkg8XC9vcHRpb24+PG9wdGlvbiB2YWx1ZT1cIk9wZW5Ub3BvTWFwXCI+T3BlblRvcG9NYXA8XC9vcHRpb24+PG9wdGlvbiB2YWx1ZT1cIlRodW5kZXJmb3Jlc3QuT3BlbkN5Y2xlTWFwXCI+VGh1bmRlcmZvcmVzdC5PcGVuQ3ljbGVNYXA8XC9vcHRpb24+PG9wdGlvbiB2YWx1ZT1cIk9wZW5NYXBTdXJmZXIuUm9hZHNcIj5PcGVuTWFwU3VyZmVyLlJvYWRzPFwvb3B0aW9uPjxcL3NlbGVjdD4iLCJtYXBfYm94X3N0eWxlc19tYXJrdXAiOiI8c2VsZWN0IGNsYXNzPVwid3BvbXBfbWFwYm94X3R5cGVcIj48b3B0aW9uIHZhbHVlPVwic3RyZWV0cy12MTFcIj5TdHJlZXRzPFwvb3B0aW9uPjxvcHRpb24gdmFsdWU9XCJsaWdodC12MTBcIj5MaWdodDxcL29wdGlvbj48b3B0aW9uIHZhbHVlPVwiZGFyay12MTBcIj5EYXJrPFwvb3B0aW9uPjxvcHRpb24gdmFsdWU9XCJvdXRkb29ycy12MTFcIj5PdXRkb29yczxcL29wdGlvbj48b3B0aW9uIHZhbHVlPVwic2F0ZWxsaXRlLXY5XCI+U2F0ZWxsaXRlPFwvb3B0aW9uPjxcL3NlbGVjdD4iLCJib3VuZF9tYXBfYWZ0ZXJfZmlsdGVyIjpmYWxzZSwiZGlzcGxheV9yZXNldF9idXR0b24iOmZhbHNlLCJtYXBfcmVzZXRfYnV0dG9uX3RleHQiOiJadXJcdTAwZmNja3NldHplbiIsImhlaWdodCI6IjcwMCIsInRpbGVzX3Byb3ZpZGVyIjoib3BlbnN0cmVldCJ9LCJwbGFjZXMiOlt7ImlkIjoiMSIsInRpdGxlIjoiRXNjYWx1cyBMdXh1cnkgU3VpdGVzIFZlcm9uYSIsImFkZHJlc3MiOiIiLCJzb3VyY2UiOiJtYW51YWwiLCJjb250ZW50IjoiIiwibG9jYXRpb24iOnsiaWNvbiI6IiIsImxhdCI6IjQ1LjQ0MDM0NSIsImxuZyI6IjEwLjk5NDcyOSIsImNpdHkiOiJWZW5pY2UiLCJzdGF0ZSI6IlZlbmV0byIsImNvdW50cnkiOiJJdGFseSIsIm9uY2xpY2tfYWN0aW9uIjoibWFya2VyIiwicmVkaXJlY3RfY3VzdG9tX2xpbmsiOiIiLCJtYXJrZXJfaW1hZ2UiOiI8ZGl2IGNsYXNzPSdmYy1mZWF0dXJlLWltZyc+PGltZyBsb2FkaW5nPSdsYXp5JyBkZWNvZGluZz0nYXN5bmMnIGFsdD0nRXNjYWx1cyBMdXh1cnkgU3VpdGVzIFZlcm9uYScgc3JjPSdodHRwczpcL1wvd3d3LmVzY2FsdXN2ZXJvbmEuY29tXC93cC1jb250ZW50XC9wbHVnaW5zXC93cC1nb29nbGUtbWFwLXBsdWdpblwvYXNzZXRzXC9pbWFnZXNcL3NhbXBsZS5qcGcnIGNsYXNzPSd3cGdtcF9tYXJrZXJfaW1hZ2UgZmMtaXRlbS1mZWF0dXJlZF9pbWFnZSBmYy1pdGVtLWxhcmdlJyBcLz48XC9kaXY+Iiwib3Blbl9uZXdfdGFiIjoieWVzIiwicG9zdGFsX2NvZGUiOiIzMDEyMiIsImRyYWdnYWJsZSI6IiIsImluZm93aW5kb3dfZGVmYXVsdF9vcGVuIjoiIiwiYW5pbWF0aW9uIjoiQk9VTkNFIiwiaW5mb3dpbmRvd19kaXNhYmxlIjp0cnVlLCJ6b29tIjo1LCJleHRyYV9maWVsZHMiOnsibGlzdG9yZGVyIjowfX0sImNhdGVnb3JpZXMiOltdLCJjdXN0b21fZmlsdGVycyI6W119XSwibWFwX3Byb3BlcnR5Ijp7Im1hcF9pZCI6IjEifSwic2hhcGVzIjp7ImRyYXdpbmdfZWRpdGFibGUiOmZhbHNlfSwiZmlsdGVycyI6eyJmaWx0ZXJzX2NvbnRhaW5lciI6IltkYXRhLWNvbnRhaW5lcj1cIndwZ21wLWZpbHRlcnMtY29udGFpbmVyXCJdIn0sImdsb2JhbF9zZXR0aW5ncyI6ZmFsc2UsInByb3ZpZGVyIjoiZ29vZ2xlIiwiYXBpS2V5IjoiIn0=\"; });<\/script>\n<h3 style=\"text-align: center;\"><span class=\"titolo\">Lage<\/span><\/h3>\n<p>&nbsp;<\/p>\n<p style=\"text-align: center;\">Das <b>Escalus Luxury Suites<\/b> in der Via Mazzini, dessen Eingang sich im Vicolo Tre Marchetti befindet, ist nur 50 Meter von der <b>Arena<\/b> <b>von Verona<\/b> entfernt. Dieses r\u00f6mische Amphitheater beherbergt in jedem Sommer die renommierte Opernsaison, die unsere G\u00e4ste bereits in Abendgarderobe innerhalb kurzer Zeit erreichen k\u00f6nnen.<\/p>\n<p style=\"text-align: center;\">In einem historischen Palast, der die eleganten Vitrinen von <b>Furla<\/b> beherbergt, bietet das <b>Escalus<\/b> <b>Luxury Suites<\/b> die M\u00f6glichkeit, im Herzen der <b>Einkaufsstra\u00dfen<\/b> von Verona zu \u00fcbernachten,<b> <\/b>zwischen der <b>Via Mazzini<\/b>, der <b>Piazza Bra<\/b> und der <b>Piazza delle Erbe.<\/b><\/p>\n<p style=\"text-align: center;\"><b>Verona<\/b>, das reich an Kunst und Kultur ist, bewahrt in seiner <b>Altstadt<\/b> die mittelalterliche Br\u00fccke <b>Ponte Scaligero<\/b> und das <b>Castelvecchio<\/b>, eine antike Residenz des veronesischen Adels, die heute als st\u00e4dtisches Museum fungiert, welches von Carlo Scarpa restauriert und umgebaut wurde und wo sich die ber\u00fchmte Reiterstatue des F\u00fcrsten <b>Cangrande<\/b> <b>della Scala<\/b> befindet.<\/p>\n<p style=\"text-align: center;\">Im Shakespeare-Drama <b>&#8222;Romeo und Julia&#8220;<\/b>, das im Verona des Jahres 1302 spielt, hei\u00dft der Stadtherr &#8222;<b>Escalo<\/b>&#8220; \u2013 ein Name, der an den Familiennamen &#8222;Della Scala&#8220; der ber\u00fchmten <b>Herren von Verona<\/b> erinnert. Zu jener Zeit hie\u00df der Stadtherr in der Tat Bartolomeo I Della Scala.<\/p>\n<p style=\"text-align: center;\">Dem <b>F\u00fcrsten Escalus<\/b> wurde der Name des <b>Escalus Luxury Suites<\/b> gewidmet, von dem aus man zu Fu\u00df den ber\u00fchmten <b>Balkon der Julia<\/b> erreichen und die Statue der romantischen Heldin bewundern kann<b>.<\/b><\/p>\n<p style=\"text-align: center;\">Durch die Stra\u00dfen von Verona zu spazieren, vorbei an der <b>Porta dei Borsari<\/b>, an der Piazza Sant&#8217;Anastasia und am Markt auf der <b>Piazza delle Erbe<\/b>, ist eine einmalige Erfahrung f\u00fcr jeden Reisenden, der hier von der <b>Faszination<\/b> und Lebhaftigkeit im Zentrum sowie von den spektakul\u00e4ren Auff\u00fchrungen im beeindruckenden <b>R\u00f6mischen Theater<\/b> verf\u00fchrt wird.<\/p>\n<p style=\"text-align: center;\">Verona ist au\u00dferdem ein bedeutendes wirtschaftliches und industrielles Zentrum. Das Hinterland beherbergt die Sitze zahlreicher <b>Gesellschaften<\/b> und <b>Unternehmen<\/b> (Landwirtschaft\/Lebensmittel, Schuhe und Wein) und <b>Veronafiere<\/b> lockt jedes Jahr fast eine Million Besucher in die Ausstellungsr\u00e4ume von <b>Fieragricola<\/b>, <b>Vinitaly<\/b>, <b>Fieracavalli<\/b> und <b>Marmomac<\/b>.<\/p>\n<section id=\"main-booking-form\" style=\"margin-top: 50px;\">\n<div id=\"container\">\n<div class=\"search-row\" style=\"box-shadow: inset 0 13px 13px -10px rgba(0,0,0,0.3); padding: 21px 0 11px !important;\">\n<div class=\"container\">\n<div class=\"col-md-12\">\n<h3 style=\"text-align: center;\"><span class=\"titolo\">So erreichen Sie das Escalus Luxury Suites<\/span><\/h3>\n<p>&nbsp;<\/p>\n<h4><i class=\"fa fa-train\"><\/i>\u00a0\u00a0Mit dem Zug:<\/h4>\n<p>Sie kommen am Bahnhof &#8222;Verona Porta Nuova&#8220; an und fahren mit einem Taxi oder mit den Autobuslinien, die auf der Piazza halten, zur Piazza Bra und zur Arena; das Escalus Luxury Suites ist nur 50 Meter von der Arena entfernt.<\/p>\n<h4><i class=\"fa fa-car\"><\/i>\u00a0\u00a0Mit dem Auto:<\/h4>\n<p>Von der Autobahn A4 kommend, fahren Sie bei Verona Sud ab und folgen der Beschilderung in die Altstadt (Centro storico) und zur Arena. Wenn Sie auf der Piazza Bra angekommen sind, biegen Sie nach links in die Via degli Alpini und nach 300 Metern nach links in den Stradone Maffei ein, der mit dem Stradone San Fermo zusammenl\u00e4uft. Biegen Sie bei der zweiten Stra\u00dfe, der Via Malenza, links ab. Fahren Sie geradeaus, der Via San Cosimo entlang, und biegen Sie nach links in die Via Anfiteatro ein. Wenn Sie die Arena erreicht haben, biegen Sie nach rechts und kurz darauf erneut nach rechts in den Vicolo Tre Marchetti ein.<\/p>\n<p><b>Der Vicolo Tre Marchetti befindet sich in einer verkehrsberuhigten Zone. Teilen Sie der Rezeption bereits bei der Buchung Ihr Kfz-Kennzeichen mit, damit Sie freie Zufahrt zu dieser Zone haben und Informationen \u00fcber den Parkplatz in unmittelbarer N\u00e4he vom Escalus erhalten k\u00f6nnen.<\/b><\/p>\n<h4><i class=\"fa fa-plane\"><\/i>\u00a0\u00a0Mit dem Flugzeug:<\/h4>\n<p>Der Flughafen &#8222;Valerio Catullo&#8220; von Verona ist 12 Kilometer von der Altstadt entfernt. Erreichen Sie die Piazza Bra und die Arena mit dem Aerobus, der direkt zum Bahnhof f\u00e4hrt. Folgen Sie anschlie\u00dfend den Anweisungen des Punktes &#8222;Mit dem Zug&#8220; oder nehmen Sie dort ein Taxi.<\/p>\n<\/div>\n<\/div>\n<\/div>\n<\/div>\n<\/section>\n","protected":false},"excerpt":{"rendered":"<p>Lage &nbsp; Das Escalus Luxury Suites in der Via Mazzini, dessen Eingang sich im Vicolo Tre Marchetti befindet, ist nur 50 Meter von der Arena von Verona entfernt. Dieses r\u00f6mische Amphitheater beherbergt in jedem Sommer die renommierte Opernsaison, die unsere G\u00e4ste bereits in Abendgarderobe innerhalb kurzer Zeit erreichen k\u00f6nnen. In einem historischen Palast, der die eleganten Vitrinen von Furla beherbergt, bietet das Escalus Luxury Suites&#8230;<\/p>\n<p><a class=\"more-link\" href=\"https:\/\/www.escalusverona.com\/de\/lage\/\">Read More<\/a><\/p>\n","protected":false},"author":1,"featured_media":0,"parent":0,"menu_order":0,"comment_status":"closed","ping_status":"closed","template":"","meta":[],"_links":{"self":[{"href":"https:\/\/www.escalusverona.com\/de\/wp-json\/wp\/v2\/pages\/1253"}],"collection":[{"href":"https:\/\/www.escalusverona.com\/de\/wp-json\/wp\/v2\/pages"}],"about":[{"href":"https:\/\/www.escalusverona.com\/de\/wp-json\/wp\/v2\/types\/page"}],"author":[{"embeddable":true,"href":"https:\/\/www.escalusverona.com\/de\/wp-json\/wp\/v2\/users\/1"}],"replies":[{"embeddable":true,"href":"https:\/\/www.escalusverona.com\/de\/wp-json\/wp\/v2\/comments?post=1253"}],"version-history":[{"count":1,"href":"https:\/\/www.escalusverona.com\/de\/wp-json\/wp\/v2\/pages\/1253\/revisions"}],"predecessor-version":[{"id":1469,"href":"https:\/\/www.escalusverona.com\/de\/wp-json\/wp\/v2\/pages\/1253\/revisions\/1469"}],"wp:attachment":[{"href":"https:\/\/www.escalusverona.com\/de\/wp-json\/wp\/v2\/media?parent=1253"}],"curies":[{"name":"wp","href":"https:\/\/api.w.org\/{rel}","templated":true}]}}