{"id":1251,"date":"2018-11-12T15:37:06","date_gmt":"2018-11-12T14:37:06","guid":{"rendered":"https:\/\/www.escalusverona.com\/hotel\/"},"modified":"2025-10-13T14:15:48","modified_gmt":"2025-10-13T12:15:48","slug":"home","status":"publish","type":"page","link":"https:\/\/www.escalusverona.com\/de\/home\/","title":{"rendered":"Home"},"content":{"rendered":"<p>[vc_row][vc_column][vc_column_text]<\/p>\n<p style=\"text-align: center;\">Der adelige <b>Prinz Escalus<\/b>, eine Person aus dem Shakespear-Drama <b>&#8222;Romeo und Julia&#8220;<\/b>, ist der Namensgeber des <b>Escalus Luxury Suites<\/b> von Verona.<\/p>\n<p style=\"text-align: center;\">Die exklusive Wahl f\u00fcr all jene, die auf der Suche nach <b>Eleganz<\/b>, Liebe zum Detail und einer raffinierten Unterkunft sind: Das <b>Escalus Luxury Suites<\/b>\u00a0 bietet den Komfort der besten <b>Boutique-Accomodations<\/b>, in unmittelbarer N\u00e4he der <b>Arena<\/b> und der <b>Piazza Bra<\/b>.<\/p>\n<p style=\"text-align: center;\"><b>Luxuri\u00f6se<\/b> L\u00f6sungen,<b> <\/b>Komfort und eine moderne Ausstattung machen das <b>Escalus<\/b> <b>Luxury Suites<\/b> zu einer besonderen Unterkunft f\u00fcr einen kurzen oder l\u00e4ngeren Aufenthalt in der romantischen <b>Altstadt<\/b> von <b>Verona<\/b>.<\/p>\n<p>[\/vc_column_text][\/vc_column][\/vc_row][vc_row content_placement=&#8220;middle&#8220; css=&#8220;.vc_custom_1531478373910{padding-top: 50px !important;}&#8220;][vc_column width=&#8220;1\/4&#8243;][vc_single_image image=&#8220;1748&#8243; img_size=&#8220;300&#215;240&#8243; alignment=&#8220;center&#8220; onclick=&#8220;link_image&#8220;][\/vc_column][vc_column width=&#8220;1\/4&#8243;][vc_single_image image=&#8220;1646&#8243; img_size=&#8220;300&#215;240&#8243; alignment=&#8220;center&#8220; onclick=&#8220;link_image&#8220;][\/vc_column][vc_column width=&#8220;1\/4&#8243;][vc_single_image image=&#8220;1638&#8243; img_size=&#8220;300&#215;240&#8243; alignment=&#8220;center&#8220; onclick=&#8220;link_image&#8220;][\/vc_column][vc_column width=&#8220;1\/4&#8243;][vc_single_image image=&#8220;1578&#8243; img_size=&#8220;300&#215;240&#8243; alignment=&#8220;center&#8220; onclick=&#8220;link_image&#8220;][\/vc_column][\/vc_row]<\/p>\n","protected":false},"excerpt":{"rendered":"<p>[vc_row][vc_column][vc_column_text] Der adelige Prinz Escalus, eine Person aus dem Shakespear-Drama &#8222;Romeo und Julia&#8220;, ist der Namensgeber des Escalus Luxury Suites von Verona. Die exklusive Wahl f\u00fcr all jene, die auf der Suche nach Eleganz, Liebe zum Detail und einer raffinierten Unterkunft sind: Das Escalus Luxury Suites\u00a0 bietet den Komfort der besten Boutique-Accomodations, in unmittelbarer N\u00e4he der Arena und der Piazza Bra. Luxuri\u00f6se L\u00f6sungen, Komfort und&#8230;<\/p>\n<p><a class=\"more-link\" href=\"https:\/\/www.escalusverona.com\/de\/home\/\">Read More<\/a><\/p>\n","protected":false},"author":1,"featured_media":0,"parent":0,"menu_order":0,"comment_status":"closed","ping_status":"closed","template":"","meta":[],"_links":{"self":[{"href":"https:\/\/www.escalusverona.com\/de\/wp-json\/wp\/v2\/pages\/1251"}],"collection":[{"href":"https:\/\/www.escalusverona.com\/de\/wp-json\/wp\/v2\/pages"}],"about":[{"href":"https:\/\/www.escalusverona.com\/de\/wp-json\/wp\/v2\/types\/page"}],"author":[{"embeddable":true,"href":"https:\/\/www.escalusverona.com\/de\/wp-json\/wp\/v2\/users\/1"}],"replies":[{"embeddable":true,"href":"https:\/\/www.escalusverona.com\/de\/wp-json\/wp\/v2\/comments?post=1251"}],"version-history":[{"count":6,"href":"https:\/\/www.escalusverona.com\/de\/wp-json\/wp\/v2\/pages\/1251\/revisions"}],"predecessor-version":[{"id":1783,"href":"https:\/\/www.escalusverona.com\/de\/wp-json\/wp\/v2\/pages\/1251\/revisions\/1783"}],"wp:attachment":[{"href":"https:\/\/www.escalusverona.com\/de\/wp-json\/wp\/v2\/media?parent=1251"}],"curies":[{"name":"wp","href":"https:\/\/api.w.org\/{rel}","templated":true}]}}